{"id":9352,"date":"2022-03-02T11:13:45","date_gmt":"2022-03-02T11:13:45","guid":{"rendered":"https:\/\/ibizagranhotel.com\/?page_id=9352"},"modified":"2024-04-05T10:50:44","modified_gmt":"2024-04-05T10:50:44","slug":"club-chinois","status":"publish","type":"page","link":"https:\/\/ibizagranhotel.com\/fr\/gastronomie\/club-chinois\/","title":{"rendered":"Club Chinois"},"content":{"rendered":"","protected":false},"excerpt":{"rendered":"","protected":false},"author":14,"featured_media":9865,"parent":3867,"menu_order":8,"comment_status":"closed","ping_status":"closed","template":"","meta":{"_acf_changed":false,"footnotes":""},"class_list":["post-9352","page","type-page","status-publish","has-post-thumbnail","hentry"],"acf":[],"yoast_head":"<!-- This site is optimized with the Yoast SEO plugin v26.6 - https:\/\/yoast.com\/wordpress\/plugins\/seo\/ -->\n<title>Club Chinois Ibiza | Ibiza Gran Hotel<\/title>\n<meta name=\"description\" content=\"La bo\u00eete de nuit la plus exclusive d\u2019Ibiza, o\u00f9 la magie de l\u2019\u00eele vous envo\u00fbte en rendant vos soir\u00e9es uniques.\" \/>\n<meta name=\"robots\" content=\"index, follow, max-snippet:-1, max-image-preview:large, max-video-preview:-1\" \/>\n<link rel=\"canonical\" href=\"https:\/\/ibizagranhotel.com\/fr\/gastronomie\/club-chinois\/\" \/>\n<meta property=\"og:locale\" content=\"fr_FR\" \/>\n<meta property=\"og:type\" content=\"article\" \/>\n<meta property=\"og:title\" content=\"Club Chinois Ibiza | Ibiza Gran Hotel\" \/>\n<meta property=\"og:description\" content=\"La bo\u00eete de nuit la plus exclusive d\u2019Ibiza, o\u00f9 la magie de l\u2019\u00eele vous envo\u00fbte en rendant vos soir\u00e9es uniques.\" \/>\n<meta property=\"og:url\" content=\"https:\/\/ibizagranhotel.com\/fr\/gastronomie\/club-chinois\/\" \/>\n<meta property=\"og:site_name\" content=\"Ibiza Gran Hotel\" \/>\n<meta property=\"article:publisher\" content=\"https:\/\/www.facebook.com\/IBIZAGRANHOTEL\" \/>\n<meta property=\"article:modified_time\" content=\"2024-04-05T10:50:44+00:00\" \/>\n<meta property=\"og:image\" content=\"https:\/\/ibizagranhotel.com\/wp-content\/uploads\/2022\/04\/Club-chinois-09.jpg\" \/>\n\t<meta property=\"og:image:width\" content=\"1291\" \/>\n\t<meta property=\"og:image:height\" content=\"1799\" \/>\n\t<meta property=\"og:image:type\" content=\"image\/jpeg\" \/>\n<meta name=\"twitter:card\" content=\"summary_large_image\" \/>\n<meta name=\"twitter:label1\" content=\"Dur\u00e9e de lecture estim\u00e9e\" \/>\n\t<meta name=\"twitter:data1\" content=\"1 minute\" \/>\n<script type=\"application\/ld+json\" class=\"yoast-schema-graph\">{\"@context\":\"https:\/\/schema.org\",\"@graph\":[{\"@type\":\"WebPage\",\"@id\":\"https:\/\/ibizagranhotel.com\/fr\/gastronomie\/club-chinois\/\",\"url\":\"https:\/\/ibizagranhotel.com\/fr\/gastronomie\/club-chinois\/\",\"name\":\"Club Chinois Ibiza | Ibiza Gran Hotel\",\"isPartOf\":{\"@id\":\"https:\/\/ibizagranhotel.com\/fr\/#website\"},\"primaryImageOfPage\":{\"@id\":\"https:\/\/ibizagranhotel.com\/fr\/gastronomie\/club-chinois\/#primaryimage\"},\"image\":{\"@id\":\"https:\/\/ibizagranhotel.com\/fr\/gastronomie\/club-chinois\/#primaryimage\"},\"thumbnailUrl\":\"https:\/\/ibizagranhotel.com\/wp-content\/uploads\/2022\/04\/Club-chinois-09.jpg\",\"datePublished\":\"2022-03-02T11:13:45+00:00\",\"dateModified\":\"2024-04-05T10:50:44+00:00\",\"description\":\"La bo\u00eete de nuit la plus exclusive d\u2019Ibiza, o\u00f9 la magie de l\u2019\u00eele vous envo\u00fbte en rendant vos soir\u00e9es uniques.\",\"breadcrumb\":{\"@id\":\"https:\/\/ibizagranhotel.com\/fr\/gastronomie\/club-chinois\/#breadcrumb\"},\"inLanguage\":\"fr-FR\",\"potentialAction\":[{\"@type\":\"ReadAction\",\"target\":[\"https:\/\/ibizagranhotel.com\/fr\/gastronomie\/club-chinois\/\"]}]},{\"@type\":\"ImageObject\",\"inLanguage\":\"fr-FR\",\"@id\":\"https:\/\/ibizagranhotel.com\/fr\/gastronomie\/club-chinois\/#primaryimage\",\"url\":\"https:\/\/ibizagranhotel.com\/wp-content\/uploads\/2022\/04\/Club-chinois-09.jpg\",\"contentUrl\":\"https:\/\/ibizagranhotel.com\/wp-content\/uploads\/2022\/04\/Club-chinois-09.jpg\",\"width\":1291,\"height\":1799,\"caption\":\"Club Chinos en Ibiza\"},{\"@type\":\"BreadcrumbList\",\"@id\":\"https:\/\/ibizagranhotel.com\/fr\/gastronomie\/club-chinois\/#breadcrumb\",\"itemListElement\":[{\"@type\":\"ListItem\",\"position\":1,\"name\":\"Portada\",\"item\":\"https:\/\/ibizagranhotel.com\/fr\/\"},{\"@type\":\"ListItem\",\"position\":2,\"name\":\"Gastronomie\",\"item\":\"https:\/\/ibizagranhotel.com\/fr\/gastronomie\/\"},{\"@type\":\"ListItem\",\"position\":3,\"name\":\"Club Chinois\"}]},{\"@type\":\"WebSite\",\"@id\":\"https:\/\/ibizagranhotel.com\/fr\/#website\",\"url\":\"https:\/\/ibizagranhotel.com\/fr\/\",\"name\":\"Ibiza Gran Hotel\",\"description\":\"5* GL\",\"publisher\":{\"@id\":\"https:\/\/ibizagranhotel.com\/fr\/#organization\"},\"potentialAction\":[{\"@type\":\"SearchAction\",\"target\":{\"@type\":\"EntryPoint\",\"urlTemplate\":\"https:\/\/ibizagranhotel.com\/fr\/?s={search_term_string}\"},\"query-input\":{\"@type\":\"PropertyValueSpecification\",\"valueRequired\":true,\"valueName\":\"search_term_string\"}}],\"inLanguage\":\"fr-FR\"},{\"@type\":\"Organization\",\"@id\":\"https:\/\/ibizagranhotel.com\/fr\/#organization\",\"name\":\"Ibiza Gran Hotel\",\"url\":\"https:\/\/ibizagranhotel.com\/fr\/\",\"logo\":{\"@type\":\"ImageObject\",\"inLanguage\":\"fr-FR\",\"@id\":\"https:\/\/ibizagranhotel.com\/fr\/#\/schema\/logo\/image\/\",\"url\":\"https:\/\/ibizagranhotel.com\/wp-content\/uploads\/2021\/06\/IGH-logotipo4-positivo.jpg\",\"contentUrl\":\"https:\/\/ibizagranhotel.com\/wp-content\/uploads\/2021\/06\/IGH-logotipo4-positivo.jpg\",\"width\":1773,\"height\":1186,\"caption\":\"Ibiza Gran Hotel\"},\"image\":{\"@id\":\"https:\/\/ibizagranhotel.com\/fr\/#\/schema\/logo\/image\/\"},\"sameAs\":[\"https:\/\/www.facebook.com\/IBIZAGRANHOTEL\",\"https:\/\/www.instagram.com\/ibizagranhotel\/\",\"https:\/\/www.linkedin.com\/company\/ibiza-gran-hotel-\/\",\"https:\/\/www.youtube.com\/channel\/UCmZbjeAP0druf7Izh21SVfQ\"]}]}<\/script>\n<!-- \/ Yoast SEO plugin. -->","yoast_head_json":{"title":"Club Chinois Ibiza | Ibiza Gran Hotel","description":"La bo\u00eete de nuit la plus exclusive d\u2019Ibiza, o\u00f9 la magie de l\u2019\u00eele vous envo\u00fbte en rendant vos soir\u00e9es uniques.","robots":{"index":"index","follow":"follow","max-snippet":"max-snippet:-1","max-image-preview":"max-image-preview:large","max-video-preview":"max-video-preview:-1"},"canonical":"https:\/\/ibizagranhotel.com\/fr\/gastronomie\/club-chinois\/","og_locale":"fr_FR","og_type":"article","og_title":"Club Chinois Ibiza | Ibiza Gran Hotel","og_description":"La bo\u00eete de nuit la plus exclusive d\u2019Ibiza, o\u00f9 la magie de l\u2019\u00eele vous envo\u00fbte en rendant vos soir\u00e9es uniques.","og_url":"https:\/\/ibizagranhotel.com\/fr\/gastronomie\/club-chinois\/","og_site_name":"Ibiza Gran Hotel","article_publisher":"https:\/\/www.facebook.com\/IBIZAGRANHOTEL","article_modified_time":"2024-04-05T10:50:44+00:00","og_image":[{"width":1291,"height":1799,"url":"https:\/\/ibizagranhotel.com\/wp-content\/uploads\/2022\/04\/Club-chinois-09.jpg","type":"image\/jpeg"}],"twitter_card":"summary_large_image","twitter_misc":{"Dur\u00e9e de lecture estim\u00e9e":"1 minute"},"schema":{"@context":"https:\/\/schema.org","@graph":[{"@type":"WebPage","@id":"https:\/\/ibizagranhotel.com\/fr\/gastronomie\/club-chinois\/","url":"https:\/\/ibizagranhotel.com\/fr\/gastronomie\/club-chinois\/","name":"Club Chinois Ibiza | Ibiza Gran Hotel","isPartOf":{"@id":"https:\/\/ibizagranhotel.com\/fr\/#website"},"primaryImageOfPage":{"@id":"https:\/\/ibizagranhotel.com\/fr\/gastronomie\/club-chinois\/#primaryimage"},"image":{"@id":"https:\/\/ibizagranhotel.com\/fr\/gastronomie\/club-chinois\/#primaryimage"},"thumbnailUrl":"https:\/\/ibizagranhotel.com\/wp-content\/uploads\/2022\/04\/Club-chinois-09.jpg","datePublished":"2022-03-02T11:13:45+00:00","dateModified":"2024-04-05T10:50:44+00:00","description":"La bo\u00eete de nuit la plus exclusive d\u2019Ibiza, o\u00f9 la magie de l\u2019\u00eele vous envo\u00fbte en rendant vos soir\u00e9es uniques.","breadcrumb":{"@id":"https:\/\/ibizagranhotel.com\/fr\/gastronomie\/club-chinois\/#breadcrumb"},"inLanguage":"fr-FR","potentialAction":[{"@type":"ReadAction","target":["https:\/\/ibizagranhotel.com\/fr\/gastronomie\/club-chinois\/"]}]},{"@type":"ImageObject","inLanguage":"fr-FR","@id":"https:\/\/ibizagranhotel.com\/fr\/gastronomie\/club-chinois\/#primaryimage","url":"https:\/\/ibizagranhotel.com\/wp-content\/uploads\/2022\/04\/Club-chinois-09.jpg","contentUrl":"https:\/\/ibizagranhotel.com\/wp-content\/uploads\/2022\/04\/Club-chinois-09.jpg","width":1291,"height":1799,"caption":"Club Chinos en Ibiza"},{"@type":"BreadcrumbList","@id":"https:\/\/ibizagranhotel.com\/fr\/gastronomie\/club-chinois\/#breadcrumb","itemListElement":[{"@type":"ListItem","position":1,"name":"Portada","item":"https:\/\/ibizagranhotel.com\/fr\/"},{"@type":"ListItem","position":2,"name":"Gastronomie","item":"https:\/\/ibizagranhotel.com\/fr\/gastronomie\/"},{"@type":"ListItem","position":3,"name":"Club Chinois"}]},{"@type":"WebSite","@id":"https:\/\/ibizagranhotel.com\/fr\/#website","url":"https:\/\/ibizagranhotel.com\/fr\/","name":"Ibiza Gran Hotel","description":"5* GL","publisher":{"@id":"https:\/\/ibizagranhotel.com\/fr\/#organization"},"potentialAction":[{"@type":"SearchAction","target":{"@type":"EntryPoint","urlTemplate":"https:\/\/ibizagranhotel.com\/fr\/?s={search_term_string}"},"query-input":{"@type":"PropertyValueSpecification","valueRequired":true,"valueName":"search_term_string"}}],"inLanguage":"fr-FR"},{"@type":"Organization","@id":"https:\/\/ibizagranhotel.com\/fr\/#organization","name":"Ibiza Gran Hotel","url":"https:\/\/ibizagranhotel.com\/fr\/","logo":{"@type":"ImageObject","inLanguage":"fr-FR","@id":"https:\/\/ibizagranhotel.com\/fr\/#\/schema\/logo\/image\/","url":"https:\/\/ibizagranhotel.com\/wp-content\/uploads\/2021\/06\/IGH-logotipo4-positivo.jpg","contentUrl":"https:\/\/ibizagranhotel.com\/wp-content\/uploads\/2021\/06\/IGH-logotipo4-positivo.jpg","width":1773,"height":1186,"caption":"Ibiza Gran Hotel"},"image":{"@id":"https:\/\/ibizagranhotel.com\/fr\/#\/schema\/logo\/image\/"},"sameAs":["https:\/\/www.facebook.com\/IBIZAGRANHOTEL","https:\/\/www.instagram.com\/ibizagranhotel\/","https:\/\/www.linkedin.com\/company\/ibiza-gran-hotel-\/","https:\/\/www.youtube.com\/channel\/UCmZbjeAP0druf7Izh21SVfQ"]}]}},"_links":{"self":[{"href":"https:\/\/ibizagranhotel.com\/fr\/wp-json\/wp\/v2\/pages\/9352","targetHints":{"allow":["GET"]}}],"collection":[{"href":"https:\/\/ibizagranhotel.com\/fr\/wp-json\/wp\/v2\/pages"}],"about":[{"href":"https:\/\/ibizagranhotel.com\/fr\/wp-json\/wp\/v2\/types\/page"}],"author":[{"embeddable":true,"href":"https:\/\/ibizagranhotel.com\/fr\/wp-json\/wp\/v2\/users\/14"}],"replies":[{"embeddable":true,"href":"https:\/\/ibizagranhotel.com\/fr\/wp-json\/wp\/v2\/comments?post=9352"}],"version-history":[{"count":2,"href":"https:\/\/ibizagranhotel.com\/fr\/wp-json\/wp\/v2\/pages\/9352\/revisions"}],"predecessor-version":[{"id":15792,"href":"https:\/\/ibizagranhotel.com\/fr\/wp-json\/wp\/v2\/pages\/9352\/revisions\/15792"}],"up":[{"embeddable":true,"href":"https:\/\/ibizagranhotel.com\/fr\/wp-json\/wp\/v2\/pages\/3867"}],"wp:featuredmedia":[{"embeddable":true,"href":"https:\/\/ibizagranhotel.com\/fr\/wp-json\/wp\/v2\/media\/9865"}],"wp:attachment":[{"href":"https:\/\/ibizagranhotel.com\/fr\/wp-json\/wp\/v2\/media?parent=9352"}],"curies":[{"name":"wp","href":"https:\/\/api.w.org\/{rel}","templated":true}]}}