{"id":3915,"date":"2021-03-22T12:34:47","date_gmt":"2021-03-22T12:34:47","guid":{"rendered":"http:\/\/ibizagranhotel.com\/pool-restaurant\/"},"modified":"2025-04-14T15:02:18","modified_gmt":"2025-04-14T15:02:18","slug":"pool-restaurant","status":"publish","type":"page","link":"https:\/\/ibizagranhotel.com\/fr\/gastronomie\/pool-restaurant\/","title":{"rendered":"Mirai Pool Restaurant"},"content":{"rendered":"","protected":false},"excerpt":{"rendered":"","protected":false},"author":4,"featured_media":5565,"parent":3867,"menu_order":77,"comment_status":"closed","ping_status":"closed","template":"","meta":{"_acf_changed":false,"footnotes":""},"class_list":["post-3915","page","type-page","status-publish","has-post-thumbnail","hentry"],"acf":[],"yoast_head":"<!-- This site is optimized with the Yoast SEO plugin v26.6 - https:\/\/yoast.com\/wordpress\/plugins\/seo\/ -->\n<title>Pool Restaurant \u00e0 Ibiza | Ibiza Gran Hotel<\/title>\n<meta name=\"description\" content=\"Dans notre \u00e9tablissement Pool Restaurant \u00e0 Ibiza, vous trouverez tout l\u2019\u00e9ventail des saveurs de l\u2019\u00e9t\u00e9 m\u00e9diterran\u00e9en le plus authentique, ainsi que des pr\u00e9parations saines et naturelles.\" \/>\n<meta name=\"robots\" content=\"index, follow, max-snippet:-1, max-image-preview:large, max-video-preview:-1\" \/>\n<link rel=\"canonical\" href=\"https:\/\/ibizagranhotel.com\/fr\/gastronomie\/pool-restaurant\/\" \/>\n<meta property=\"og:locale\" content=\"fr_FR\" \/>\n<meta property=\"og:type\" content=\"article\" \/>\n<meta property=\"og:title\" content=\"Pool Restaurant \u00e0 Ibiza | Ibiza Gran Hotel\" \/>\n<meta property=\"og:description\" content=\"Dans notre \u00e9tablissement Pool Restaurant \u00e0 Ibiza, vous trouverez tout l\u2019\u00e9ventail des saveurs de l\u2019\u00e9t\u00e9 m\u00e9diterran\u00e9en le plus authentique, ainsi que des pr\u00e9parations saines et naturelles.\" \/>\n<meta property=\"og:url\" content=\"https:\/\/ibizagranhotel.com\/fr\/gastronomie\/pool-restaurant\/\" \/>\n<meta property=\"og:site_name\" content=\"Ibiza Gran Hotel\" \/>\n<meta property=\"article:publisher\" content=\"https:\/\/www.facebook.com\/IBIZAGRANHOTEL\" \/>\n<meta property=\"article:modified_time\" content=\"2025-04-14T15:02:18+00:00\" \/>\n<meta property=\"og:image\" content=\"https:\/\/ibizagranhotel.com\/wp-content\/uploads\/2021\/05\/ibiza-gran-hotel-pool-restaurant-02.jpg\" \/>\n\t<meta property=\"og:image:width\" content=\"2550\" \/>\n\t<meta property=\"og:image:height\" content=\"1701\" \/>\n\t<meta property=\"og:image:type\" content=\"image\/jpeg\" \/>\n<meta name=\"twitter:card\" content=\"summary_large_image\" \/>\n<meta name=\"twitter:label1\" content=\"Dur\u00e9e de lecture estim\u00e9e\" \/>\n\t<meta name=\"twitter:data1\" content=\"1 minute\" \/>\n<script type=\"application\/ld+json\" class=\"yoast-schema-graph\">{\"@context\":\"https:\/\/schema.org\",\"@graph\":[{\"@type\":\"WebPage\",\"@id\":\"https:\/\/ibizagranhotel.com\/fr\/gastronomie\/pool-restaurant\/\",\"url\":\"https:\/\/ibizagranhotel.com\/fr\/gastronomie\/pool-restaurant\/\",\"name\":\"Pool Restaurant \u00e0 Ibiza | Ibiza Gran Hotel\",\"isPartOf\":{\"@id\":\"https:\/\/ibizagranhotel.com\/fr\/#website\"},\"primaryImageOfPage\":{\"@id\":\"https:\/\/ibizagranhotel.com\/fr\/gastronomie\/pool-restaurant\/#primaryimage\"},\"image\":{\"@id\":\"https:\/\/ibizagranhotel.com\/fr\/gastronomie\/pool-restaurant\/#primaryimage\"},\"thumbnailUrl\":\"https:\/\/ibizagranhotel.com\/wp-content\/uploads\/2021\/05\/ibiza-gran-hotel-pool-restaurant-02.jpg\",\"datePublished\":\"2021-03-22T12:34:47+00:00\",\"dateModified\":\"2025-04-14T15:02:18+00:00\",\"description\":\"Dans notre \u00e9tablissement Pool Restaurant \u00e0 Ibiza, vous trouverez tout l\u2019\u00e9ventail des saveurs de l\u2019\u00e9t\u00e9 m\u00e9diterran\u00e9en le plus authentique, ainsi que des pr\u00e9parations saines et naturelles.\",\"breadcrumb\":{\"@id\":\"https:\/\/ibizagranhotel.com\/fr\/gastronomie\/pool-restaurant\/#breadcrumb\"},\"inLanguage\":\"fr-FR\",\"potentialAction\":[{\"@type\":\"ReadAction\",\"target\":[\"https:\/\/ibizagranhotel.com\/fr\/gastronomie\/pool-restaurant\/\"]}]},{\"@type\":\"ImageObject\",\"inLanguage\":\"fr-FR\",\"@id\":\"https:\/\/ibizagranhotel.com\/fr\/gastronomie\/pool-restaurant\/#primaryimage\",\"url\":\"https:\/\/ibizagranhotel.com\/wp-content\/uploads\/2021\/05\/ibiza-gran-hotel-pool-restaurant-02.jpg\",\"contentUrl\":\"https:\/\/ibizagranhotel.com\/wp-content\/uploads\/2021\/05\/ibiza-gran-hotel-pool-restaurant-02.jpg\",\"width\":2550,\"height\":1701,\"caption\":\"Pool restaurant Ibiza\"},{\"@type\":\"BreadcrumbList\",\"@id\":\"https:\/\/ibizagranhotel.com\/fr\/gastronomie\/pool-restaurant\/#breadcrumb\",\"itemListElement\":[{\"@type\":\"ListItem\",\"position\":1,\"name\":\"Portada\",\"item\":\"https:\/\/ibizagranhotel.com\/fr\/\"},{\"@type\":\"ListItem\",\"position\":2,\"name\":\"Gastronomie\",\"item\":\"https:\/\/ibizagranhotel.com\/fr\/gastronomie\/\"},{\"@type\":\"ListItem\",\"position\":3,\"name\":\"Mirai Pool Restaurant\"}]},{\"@type\":\"WebSite\",\"@id\":\"https:\/\/ibizagranhotel.com\/fr\/#website\",\"url\":\"https:\/\/ibizagranhotel.com\/fr\/\",\"name\":\"Ibiza Gran Hotel\",\"description\":\"5* GL\",\"publisher\":{\"@id\":\"https:\/\/ibizagranhotel.com\/fr\/#organization\"},\"potentialAction\":[{\"@type\":\"SearchAction\",\"target\":{\"@type\":\"EntryPoint\",\"urlTemplate\":\"https:\/\/ibizagranhotel.com\/fr\/?s={search_term_string}\"},\"query-input\":{\"@type\":\"PropertyValueSpecification\",\"valueRequired\":true,\"valueName\":\"search_term_string\"}}],\"inLanguage\":\"fr-FR\"},{\"@type\":\"Organization\",\"@id\":\"https:\/\/ibizagranhotel.com\/fr\/#organization\",\"name\":\"Ibiza Gran Hotel\",\"url\":\"https:\/\/ibizagranhotel.com\/fr\/\",\"logo\":{\"@type\":\"ImageObject\",\"inLanguage\":\"fr-FR\",\"@id\":\"https:\/\/ibizagranhotel.com\/fr\/#\/schema\/logo\/image\/\",\"url\":\"https:\/\/ibizagranhotel.com\/wp-content\/uploads\/2021\/06\/IGH-logotipo4-positivo.jpg\",\"contentUrl\":\"https:\/\/ibizagranhotel.com\/wp-content\/uploads\/2021\/06\/IGH-logotipo4-positivo.jpg\",\"width\":1773,\"height\":1186,\"caption\":\"Ibiza Gran Hotel\"},\"image\":{\"@id\":\"https:\/\/ibizagranhotel.com\/fr\/#\/schema\/logo\/image\/\"},\"sameAs\":[\"https:\/\/www.facebook.com\/IBIZAGRANHOTEL\",\"https:\/\/www.instagram.com\/ibizagranhotel\/\",\"https:\/\/www.linkedin.com\/company\/ibiza-gran-hotel-\/\",\"https:\/\/www.youtube.com\/channel\/UCmZbjeAP0druf7Izh21SVfQ\"]}]}<\/script>\n<!-- \/ Yoast SEO plugin. -->","yoast_head_json":{"title":"Pool Restaurant \u00e0 Ibiza | Ibiza Gran Hotel","description":"Dans notre \u00e9tablissement Pool Restaurant \u00e0 Ibiza, vous trouverez tout l\u2019\u00e9ventail des saveurs de l\u2019\u00e9t\u00e9 m\u00e9diterran\u00e9en le plus authentique, ainsi que des pr\u00e9parations saines et naturelles.","robots":{"index":"index","follow":"follow","max-snippet":"max-snippet:-1","max-image-preview":"max-image-preview:large","max-video-preview":"max-video-preview:-1"},"canonical":"https:\/\/ibizagranhotel.com\/fr\/gastronomie\/pool-restaurant\/","og_locale":"fr_FR","og_type":"article","og_title":"Pool Restaurant \u00e0 Ibiza | Ibiza Gran Hotel","og_description":"Dans notre \u00e9tablissement Pool Restaurant \u00e0 Ibiza, vous trouverez tout l\u2019\u00e9ventail des saveurs de l\u2019\u00e9t\u00e9 m\u00e9diterran\u00e9en le plus authentique, ainsi que des pr\u00e9parations saines et naturelles.","og_url":"https:\/\/ibizagranhotel.com\/fr\/gastronomie\/pool-restaurant\/","og_site_name":"Ibiza Gran Hotel","article_publisher":"https:\/\/www.facebook.com\/IBIZAGRANHOTEL","article_modified_time":"2025-04-14T15:02:18+00:00","og_image":[{"width":2550,"height":1701,"url":"https:\/\/ibizagranhotel.com\/wp-content\/uploads\/2021\/05\/ibiza-gran-hotel-pool-restaurant-02.jpg","type":"image\/jpeg"}],"twitter_card":"summary_large_image","twitter_misc":{"Dur\u00e9e de lecture estim\u00e9e":"1 minute"},"schema":{"@context":"https:\/\/schema.org","@graph":[{"@type":"WebPage","@id":"https:\/\/ibizagranhotel.com\/fr\/gastronomie\/pool-restaurant\/","url":"https:\/\/ibizagranhotel.com\/fr\/gastronomie\/pool-restaurant\/","name":"Pool Restaurant \u00e0 Ibiza | Ibiza Gran Hotel","isPartOf":{"@id":"https:\/\/ibizagranhotel.com\/fr\/#website"},"primaryImageOfPage":{"@id":"https:\/\/ibizagranhotel.com\/fr\/gastronomie\/pool-restaurant\/#primaryimage"},"image":{"@id":"https:\/\/ibizagranhotel.com\/fr\/gastronomie\/pool-restaurant\/#primaryimage"},"thumbnailUrl":"https:\/\/ibizagranhotel.com\/wp-content\/uploads\/2021\/05\/ibiza-gran-hotel-pool-restaurant-02.jpg","datePublished":"2021-03-22T12:34:47+00:00","dateModified":"2025-04-14T15:02:18+00:00","description":"Dans notre \u00e9tablissement Pool Restaurant \u00e0 Ibiza, vous trouverez tout l\u2019\u00e9ventail des saveurs de l\u2019\u00e9t\u00e9 m\u00e9diterran\u00e9en le plus authentique, ainsi que des pr\u00e9parations saines et naturelles.","breadcrumb":{"@id":"https:\/\/ibizagranhotel.com\/fr\/gastronomie\/pool-restaurant\/#breadcrumb"},"inLanguage":"fr-FR","potentialAction":[{"@type":"ReadAction","target":["https:\/\/ibizagranhotel.com\/fr\/gastronomie\/pool-restaurant\/"]}]},{"@type":"ImageObject","inLanguage":"fr-FR","@id":"https:\/\/ibizagranhotel.com\/fr\/gastronomie\/pool-restaurant\/#primaryimage","url":"https:\/\/ibizagranhotel.com\/wp-content\/uploads\/2021\/05\/ibiza-gran-hotel-pool-restaurant-02.jpg","contentUrl":"https:\/\/ibizagranhotel.com\/wp-content\/uploads\/2021\/05\/ibiza-gran-hotel-pool-restaurant-02.jpg","width":2550,"height":1701,"caption":"Pool restaurant Ibiza"},{"@type":"BreadcrumbList","@id":"https:\/\/ibizagranhotel.com\/fr\/gastronomie\/pool-restaurant\/#breadcrumb","itemListElement":[{"@type":"ListItem","position":1,"name":"Portada","item":"https:\/\/ibizagranhotel.com\/fr\/"},{"@type":"ListItem","position":2,"name":"Gastronomie","item":"https:\/\/ibizagranhotel.com\/fr\/gastronomie\/"},{"@type":"ListItem","position":3,"name":"Mirai Pool Restaurant"}]},{"@type":"WebSite","@id":"https:\/\/ibizagranhotel.com\/fr\/#website","url":"https:\/\/ibizagranhotel.com\/fr\/","name":"Ibiza Gran Hotel","description":"5* GL","publisher":{"@id":"https:\/\/ibizagranhotel.com\/fr\/#organization"},"potentialAction":[{"@type":"SearchAction","target":{"@type":"EntryPoint","urlTemplate":"https:\/\/ibizagranhotel.com\/fr\/?s={search_term_string}"},"query-input":{"@type":"PropertyValueSpecification","valueRequired":true,"valueName":"search_term_string"}}],"inLanguage":"fr-FR"},{"@type":"Organization","@id":"https:\/\/ibizagranhotel.com\/fr\/#organization","name":"Ibiza Gran Hotel","url":"https:\/\/ibizagranhotel.com\/fr\/","logo":{"@type":"ImageObject","inLanguage":"fr-FR","@id":"https:\/\/ibizagranhotel.com\/fr\/#\/schema\/logo\/image\/","url":"https:\/\/ibizagranhotel.com\/wp-content\/uploads\/2021\/06\/IGH-logotipo4-positivo.jpg","contentUrl":"https:\/\/ibizagranhotel.com\/wp-content\/uploads\/2021\/06\/IGH-logotipo4-positivo.jpg","width":1773,"height":1186,"caption":"Ibiza Gran Hotel"},"image":{"@id":"https:\/\/ibizagranhotel.com\/fr\/#\/schema\/logo\/image\/"},"sameAs":["https:\/\/www.facebook.com\/IBIZAGRANHOTEL","https:\/\/www.instagram.com\/ibizagranhotel\/","https:\/\/www.linkedin.com\/company\/ibiza-gran-hotel-\/","https:\/\/www.youtube.com\/channel\/UCmZbjeAP0druf7Izh21SVfQ"]}]}},"_links":{"self":[{"href":"https:\/\/ibizagranhotel.com\/fr\/wp-json\/wp\/v2\/pages\/3915","targetHints":{"allow":["GET"]}}],"collection":[{"href":"https:\/\/ibizagranhotel.com\/fr\/wp-json\/wp\/v2\/pages"}],"about":[{"href":"https:\/\/ibizagranhotel.com\/fr\/wp-json\/wp\/v2\/types\/page"}],"author":[{"embeddable":true,"href":"https:\/\/ibizagranhotel.com\/fr\/wp-json\/wp\/v2\/users\/4"}],"replies":[{"embeddable":true,"href":"https:\/\/ibizagranhotel.com\/fr\/wp-json\/wp\/v2\/comments?post=3915"}],"version-history":[{"count":7,"href":"https:\/\/ibizagranhotel.com\/fr\/wp-json\/wp\/v2\/pages\/3915\/revisions"}],"predecessor-version":[{"id":17750,"href":"https:\/\/ibizagranhotel.com\/fr\/wp-json\/wp\/v2\/pages\/3915\/revisions\/17750"}],"up":[{"embeddable":true,"href":"https:\/\/ibizagranhotel.com\/fr\/wp-json\/wp\/v2\/pages\/3867"}],"wp:featuredmedia":[{"embeddable":true,"href":"https:\/\/ibizagranhotel.com\/fr\/wp-json\/wp\/v2\/media\/5565"}],"wp:attachment":[{"href":"https:\/\/ibizagranhotel.com\/fr\/wp-json\/wp\/v2\/media?parent=3915"}],"curies":[{"name":"wp","href":"https:\/\/api.w.org\/{rel}","templated":true}]}}