{"id":3874,"date":"2021-03-20T11:52:45","date_gmt":"2021-03-20T11:52:45","guid":{"rendered":"http:\/\/ibizagranhotel.com\/bodas-de-lujo-en-ibiza\/"},"modified":"2024-07-11T14:21:37","modified_gmt":"2024-07-11T14:21:37","slug":"mariages","status":"publish","type":"page","link":"https:\/\/ibizagranhotel.com\/fr\/evenements\/mariages\/","title":{"rendered":"Mariages"},"content":{"rendered":"","protected":false},"excerpt":{"rendered":"","protected":false},"author":4,"featured_media":0,"parent":3909,"menu_order":113,"comment_status":"closed","ping_status":"closed","template":"","meta":{"_acf_changed":false,"footnotes":""},"class_list":["post-3874","page","type-page","status-publish","hentry"],"acf":[],"yoast_head":"<!-- This site is optimized with the Yoast SEO plugin v26.6 - https:\/\/yoast.com\/wordpress\/plugins\/seo\/ -->\n<title>Mariages de luxe \u00e0 Ibiza | Ibiza Gran Hotel<\/title>\n<meta name=\"description\" content=\"Un mariage de r\u00eave \u00e0 Ibiza gr\u00e2ce \u00e0 l\u2019exclusivit\u00e9 et au cadre magique offerts par l\u2019h\u00f4tel le plus sp\u00e9cial de l\u2019\u00eele. L\u2019opportunit\u00e9 de partager et de c\u00e9l\u00e9brer avec famille et amis dans un h\u00f4tel unique.\" \/>\n<meta name=\"robots\" content=\"index, follow, max-snippet:-1, max-image-preview:large, max-video-preview:-1\" \/>\n<link rel=\"canonical\" href=\"https:\/\/ibizagranhotel.com\/fr\/evenements\/mariages\/\" \/>\n<meta property=\"og:locale\" content=\"fr_FR\" \/>\n<meta property=\"og:type\" content=\"article\" \/>\n<meta property=\"og:title\" content=\"Mariages de luxe \u00e0 Ibiza | Ibiza Gran Hotel\" \/>\n<meta property=\"og:description\" content=\"Un mariage de r\u00eave \u00e0 Ibiza gr\u00e2ce \u00e0 l\u2019exclusivit\u00e9 et au cadre magique offerts par l\u2019h\u00f4tel le plus sp\u00e9cial de l\u2019\u00eele. L\u2019opportunit\u00e9 de partager et de c\u00e9l\u00e9brer avec famille et amis dans un h\u00f4tel unique.\" \/>\n<meta property=\"og:url\" content=\"https:\/\/ibizagranhotel.com\/fr\/evenements\/mariages\/\" \/>\n<meta property=\"og:site_name\" content=\"Ibiza Gran Hotel\" \/>\n<meta property=\"article:publisher\" content=\"https:\/\/www.facebook.com\/IBIZAGRANHOTEL\" \/>\n<meta property=\"article:modified_time\" content=\"2024-07-11T14:21:37+00:00\" \/>\n<meta name=\"twitter:card\" content=\"summary_large_image\" \/>\n<script type=\"application\/ld+json\" class=\"yoast-schema-graph\">{\"@context\":\"https:\/\/schema.org\",\"@graph\":[{\"@type\":\"WebPage\",\"@id\":\"https:\/\/ibizagranhotel.com\/fr\/evenements\/mariages\/\",\"url\":\"https:\/\/ibizagranhotel.com\/fr\/evenements\/mariages\/\",\"name\":\"Mariages de luxe \u00e0 Ibiza | Ibiza Gran Hotel\",\"isPartOf\":{\"@id\":\"https:\/\/ibizagranhotel.com\/fr\/#website\"},\"datePublished\":\"2021-03-20T11:52:45+00:00\",\"dateModified\":\"2024-07-11T14:21:37+00:00\",\"description\":\"Un mariage de r\u00eave \u00e0 Ibiza gr\u00e2ce \u00e0 l\u2019exclusivit\u00e9 et au cadre magique offerts par l\u2019h\u00f4tel le plus sp\u00e9cial de l\u2019\u00eele. L\u2019opportunit\u00e9 de partager et de c\u00e9l\u00e9brer avec famille et amis dans un h\u00f4tel unique.\",\"breadcrumb\":{\"@id\":\"https:\/\/ibizagranhotel.com\/fr\/evenements\/mariages\/#breadcrumb\"},\"inLanguage\":\"fr-FR\",\"potentialAction\":[{\"@type\":\"ReadAction\",\"target\":[\"https:\/\/ibizagranhotel.com\/fr\/evenements\/mariages\/\"]}]},{\"@type\":\"BreadcrumbList\",\"@id\":\"https:\/\/ibizagranhotel.com\/fr\/evenements\/mariages\/#breadcrumb\",\"itemListElement\":[{\"@type\":\"ListItem\",\"position\":1,\"name\":\"Portada\",\"item\":\"https:\/\/ibizagranhotel.com\/fr\/\"},{\"@type\":\"ListItem\",\"position\":2,\"name\":\"\u00c9v\u00e9nements\",\"item\":\"https:\/\/ibizagranhotel.com\/fr\/evenements\/\"},{\"@type\":\"ListItem\",\"position\":3,\"name\":\"Mariages\"}]},{\"@type\":\"WebSite\",\"@id\":\"https:\/\/ibizagranhotel.com\/fr\/#website\",\"url\":\"https:\/\/ibizagranhotel.com\/fr\/\",\"name\":\"Ibiza Gran Hotel\",\"description\":\"5* GL\",\"publisher\":{\"@id\":\"https:\/\/ibizagranhotel.com\/fr\/#organization\"},\"potentialAction\":[{\"@type\":\"SearchAction\",\"target\":{\"@type\":\"EntryPoint\",\"urlTemplate\":\"https:\/\/ibizagranhotel.com\/fr\/?s={search_term_string}\"},\"query-input\":{\"@type\":\"PropertyValueSpecification\",\"valueRequired\":true,\"valueName\":\"search_term_string\"}}],\"inLanguage\":\"fr-FR\"},{\"@type\":\"Organization\",\"@id\":\"https:\/\/ibizagranhotel.com\/fr\/#organization\",\"name\":\"Ibiza Gran Hotel\",\"url\":\"https:\/\/ibizagranhotel.com\/fr\/\",\"logo\":{\"@type\":\"ImageObject\",\"inLanguage\":\"fr-FR\",\"@id\":\"https:\/\/ibizagranhotel.com\/fr\/#\/schema\/logo\/image\/\",\"url\":\"https:\/\/ibizagranhotel.com\/wp-content\/uploads\/2021\/06\/IGH-logotipo4-positivo.jpg\",\"contentUrl\":\"https:\/\/ibizagranhotel.com\/wp-content\/uploads\/2021\/06\/IGH-logotipo4-positivo.jpg\",\"width\":1773,\"height\":1186,\"caption\":\"Ibiza Gran Hotel\"},\"image\":{\"@id\":\"https:\/\/ibizagranhotel.com\/fr\/#\/schema\/logo\/image\/\"},\"sameAs\":[\"https:\/\/www.facebook.com\/IBIZAGRANHOTEL\",\"https:\/\/www.instagram.com\/ibizagranhotel\/\",\"https:\/\/www.linkedin.com\/company\/ibiza-gran-hotel-\/\",\"https:\/\/www.youtube.com\/channel\/UCmZbjeAP0druf7Izh21SVfQ\"]}]}<\/script>\n<!-- \/ Yoast SEO plugin. -->","yoast_head_json":{"title":"Mariages de luxe \u00e0 Ibiza | Ibiza Gran Hotel","description":"Un mariage de r\u00eave \u00e0 Ibiza gr\u00e2ce \u00e0 l\u2019exclusivit\u00e9 et au cadre magique offerts par l\u2019h\u00f4tel le plus sp\u00e9cial de l\u2019\u00eele. L\u2019opportunit\u00e9 de partager et de c\u00e9l\u00e9brer avec famille et amis dans un h\u00f4tel unique.","robots":{"index":"index","follow":"follow","max-snippet":"max-snippet:-1","max-image-preview":"max-image-preview:large","max-video-preview":"max-video-preview:-1"},"canonical":"https:\/\/ibizagranhotel.com\/fr\/evenements\/mariages\/","og_locale":"fr_FR","og_type":"article","og_title":"Mariages de luxe \u00e0 Ibiza | Ibiza Gran Hotel","og_description":"Un mariage de r\u00eave \u00e0 Ibiza gr\u00e2ce \u00e0 l\u2019exclusivit\u00e9 et au cadre magique offerts par l\u2019h\u00f4tel le plus sp\u00e9cial de l\u2019\u00eele. L\u2019opportunit\u00e9 de partager et de c\u00e9l\u00e9brer avec famille et amis dans un h\u00f4tel unique.","og_url":"https:\/\/ibizagranhotel.com\/fr\/evenements\/mariages\/","og_site_name":"Ibiza Gran Hotel","article_publisher":"https:\/\/www.facebook.com\/IBIZAGRANHOTEL","article_modified_time":"2024-07-11T14:21:37+00:00","twitter_card":"summary_large_image","schema":{"@context":"https:\/\/schema.org","@graph":[{"@type":"WebPage","@id":"https:\/\/ibizagranhotel.com\/fr\/evenements\/mariages\/","url":"https:\/\/ibizagranhotel.com\/fr\/evenements\/mariages\/","name":"Mariages de luxe \u00e0 Ibiza | Ibiza Gran Hotel","isPartOf":{"@id":"https:\/\/ibizagranhotel.com\/fr\/#website"},"datePublished":"2021-03-20T11:52:45+00:00","dateModified":"2024-07-11T14:21:37+00:00","description":"Un mariage de r\u00eave \u00e0 Ibiza gr\u00e2ce \u00e0 l\u2019exclusivit\u00e9 et au cadre magique offerts par l\u2019h\u00f4tel le plus sp\u00e9cial de l\u2019\u00eele. L\u2019opportunit\u00e9 de partager et de c\u00e9l\u00e9brer avec famille et amis dans un h\u00f4tel unique.","breadcrumb":{"@id":"https:\/\/ibizagranhotel.com\/fr\/evenements\/mariages\/#breadcrumb"},"inLanguage":"fr-FR","potentialAction":[{"@type":"ReadAction","target":["https:\/\/ibizagranhotel.com\/fr\/evenements\/mariages\/"]}]},{"@type":"BreadcrumbList","@id":"https:\/\/ibizagranhotel.com\/fr\/evenements\/mariages\/#breadcrumb","itemListElement":[{"@type":"ListItem","position":1,"name":"Portada","item":"https:\/\/ibizagranhotel.com\/fr\/"},{"@type":"ListItem","position":2,"name":"\u00c9v\u00e9nements","item":"https:\/\/ibizagranhotel.com\/fr\/evenements\/"},{"@type":"ListItem","position":3,"name":"Mariages"}]},{"@type":"WebSite","@id":"https:\/\/ibizagranhotel.com\/fr\/#website","url":"https:\/\/ibizagranhotel.com\/fr\/","name":"Ibiza Gran Hotel","description":"5* GL","publisher":{"@id":"https:\/\/ibizagranhotel.com\/fr\/#organization"},"potentialAction":[{"@type":"SearchAction","target":{"@type":"EntryPoint","urlTemplate":"https:\/\/ibizagranhotel.com\/fr\/?s={search_term_string}"},"query-input":{"@type":"PropertyValueSpecification","valueRequired":true,"valueName":"search_term_string"}}],"inLanguage":"fr-FR"},{"@type":"Organization","@id":"https:\/\/ibizagranhotel.com\/fr\/#organization","name":"Ibiza Gran Hotel","url":"https:\/\/ibizagranhotel.com\/fr\/","logo":{"@type":"ImageObject","inLanguage":"fr-FR","@id":"https:\/\/ibizagranhotel.com\/fr\/#\/schema\/logo\/image\/","url":"https:\/\/ibizagranhotel.com\/wp-content\/uploads\/2021\/06\/IGH-logotipo4-positivo.jpg","contentUrl":"https:\/\/ibizagranhotel.com\/wp-content\/uploads\/2021\/06\/IGH-logotipo4-positivo.jpg","width":1773,"height":1186,"caption":"Ibiza Gran Hotel"},"image":{"@id":"https:\/\/ibizagranhotel.com\/fr\/#\/schema\/logo\/image\/"},"sameAs":["https:\/\/www.facebook.com\/IBIZAGRANHOTEL","https:\/\/www.instagram.com\/ibizagranhotel\/","https:\/\/www.linkedin.com\/company\/ibiza-gran-hotel-\/","https:\/\/www.youtube.com\/channel\/UCmZbjeAP0druf7Izh21SVfQ"]}]}},"_links":{"self":[{"href":"https:\/\/ibizagranhotel.com\/fr\/wp-json\/wp\/v2\/pages\/3874","targetHints":{"allow":["GET"]}}],"collection":[{"href":"https:\/\/ibizagranhotel.com\/fr\/wp-json\/wp\/v2\/pages"}],"about":[{"href":"https:\/\/ibizagranhotel.com\/fr\/wp-json\/wp\/v2\/types\/page"}],"author":[{"embeddable":true,"href":"https:\/\/ibizagranhotel.com\/fr\/wp-json\/wp\/v2\/users\/4"}],"replies":[{"embeddable":true,"href":"https:\/\/ibizagranhotel.com\/fr\/wp-json\/wp\/v2\/comments?post=3874"}],"version-history":[{"count":2,"href":"https:\/\/ibizagranhotel.com\/fr\/wp-json\/wp\/v2\/pages\/3874\/revisions"}],"predecessor-version":[{"id":16975,"href":"https:\/\/ibizagranhotel.com\/fr\/wp-json\/wp\/v2\/pages\/3874\/revisions\/16975"}],"up":[{"embeddable":true,"href":"https:\/\/ibizagranhotel.com\/fr\/wp-json\/wp\/v2\/pages\/3909"}],"wp:attachment":[{"href":"https:\/\/ibizagranhotel.com\/fr\/wp-json\/wp\/v2\/media?parent=3874"}],"curies":[{"name":"wp","href":"https:\/\/api.w.org\/{rel}","templated":true}]}}