{"id":4198,"date":"2021-03-20T11:52:45","date_gmt":"2021-03-20T11:52:45","guid":{"rendered":"http:\/\/ibizagranhotel.com\/bodas-de-lujo-en-ibiza\/"},"modified":"2024-07-11T14:22:43","modified_gmt":"2024-07-11T14:22:43","slug":"luxushochzeiten","status":"publish","type":"page","link":"https:\/\/ibizagranhotel.com\/de\/veranstaltungen\/luxushochzeiten\/","title":{"rendered":"Luxushochzeiten"},"content":{"rendered":"","protected":false},"excerpt":{"rendered":"","protected":false},"author":4,"featured_media":0,"parent":4176,"menu_order":113,"comment_status":"closed","ping_status":"closed","template":"","meta":{"_acf_changed":false,"footnotes":""},"class_list":["post-4198","page","type-page","status-publish","hentry"],"acf":[],"yoast_head":"<!-- This site is optimized with the Yoast SEO plugin v26.6 - https:\/\/yoast.com\/wordpress\/plugins\/seo\/ -->\n<title>Luxus-Hochzeiten auf Ibiza | Ibiza Gran Hotel<\/title>\n<meta name=\"description\" content=\"Eine Traumhochzeit auf Ibiza dank der Exklusivit\u00e4t und der magischen Umgebung des au\u00dfergew\u00f6hnlichsten Hotels der Insel. Erleben Sie mit Ihrer Familie und Ihren Freunden ein unvergessliches Fest in einem einzigartigen Hotel.\" \/>\n<meta name=\"robots\" content=\"index, follow, max-snippet:-1, max-image-preview:large, max-video-preview:-1\" \/>\n<link rel=\"canonical\" href=\"https:\/\/ibizagranhotel.com\/de\/veranstaltungen\/luxushochzeiten\/\" \/>\n<meta property=\"og:locale\" content=\"de_DE\" \/>\n<meta property=\"og:type\" content=\"article\" \/>\n<meta property=\"og:title\" content=\"Luxus-Hochzeiten auf Ibiza | Ibiza Gran Hotel\" \/>\n<meta property=\"og:description\" content=\"Eine Traumhochzeit auf Ibiza dank der Exklusivit\u00e4t und der magischen Umgebung des au\u00dfergew\u00f6hnlichsten Hotels der Insel. Erleben Sie mit Ihrer Familie und Ihren Freunden ein unvergessliches Fest in einem einzigartigen Hotel.\" \/>\n<meta property=\"og:url\" content=\"https:\/\/ibizagranhotel.com\/de\/veranstaltungen\/luxushochzeiten\/\" \/>\n<meta property=\"og:site_name\" content=\"Ibiza Gran Hotel\" \/>\n<meta property=\"article:publisher\" content=\"https:\/\/www.facebook.com\/IBIZAGRANHOTEL\" \/>\n<meta property=\"article:modified_time\" content=\"2024-07-11T14:22:43+00:00\" \/>\n<meta name=\"twitter:card\" content=\"summary_large_image\" \/>\n<script type=\"application\/ld+json\" class=\"yoast-schema-graph\">{\"@context\":\"https:\/\/schema.org\",\"@graph\":[{\"@type\":\"WebPage\",\"@id\":\"https:\/\/ibizagranhotel.com\/de\/veranstaltungen\/luxushochzeiten\/\",\"url\":\"https:\/\/ibizagranhotel.com\/de\/veranstaltungen\/luxushochzeiten\/\",\"name\":\"Luxus-Hochzeiten auf Ibiza | Ibiza Gran Hotel\",\"isPartOf\":{\"@id\":\"https:\/\/ibizagranhotel.com\/de\/#website\"},\"datePublished\":\"2021-03-20T11:52:45+00:00\",\"dateModified\":\"2024-07-11T14:22:43+00:00\",\"description\":\"Eine Traumhochzeit auf Ibiza dank der Exklusivit\u00e4t und der magischen Umgebung des au\u00dfergew\u00f6hnlichsten Hotels der Insel. Erleben Sie mit Ihrer Familie und Ihren Freunden ein unvergessliches Fest in einem einzigartigen Hotel.\",\"breadcrumb\":{\"@id\":\"https:\/\/ibizagranhotel.com\/de\/veranstaltungen\/luxushochzeiten\/#breadcrumb\"},\"inLanguage\":\"de\",\"potentialAction\":[{\"@type\":\"ReadAction\",\"target\":[\"https:\/\/ibizagranhotel.com\/de\/veranstaltungen\/luxushochzeiten\/\"]}]},{\"@type\":\"BreadcrumbList\",\"@id\":\"https:\/\/ibizagranhotel.com\/de\/veranstaltungen\/luxushochzeiten\/#breadcrumb\",\"itemListElement\":[{\"@type\":\"ListItem\",\"position\":1,\"name\":\"Portada\",\"item\":\"https:\/\/ibizagranhotel.com\/de\/\"},{\"@type\":\"ListItem\",\"position\":2,\"name\":\"Veranstaltungen\",\"item\":\"https:\/\/ibizagranhotel.com\/de\/veranstaltungen\/\"},{\"@type\":\"ListItem\",\"position\":3,\"name\":\"Luxushochzeiten\"}]},{\"@type\":\"WebSite\",\"@id\":\"https:\/\/ibizagranhotel.com\/de\/#website\",\"url\":\"https:\/\/ibizagranhotel.com\/de\/\",\"name\":\"Ibiza Gran Hotel\",\"description\":\"5* GL\",\"publisher\":{\"@id\":\"https:\/\/ibizagranhotel.com\/de\/#organization\"},\"potentialAction\":[{\"@type\":\"SearchAction\",\"target\":{\"@type\":\"EntryPoint\",\"urlTemplate\":\"https:\/\/ibizagranhotel.com\/de\/?s={search_term_string}\"},\"query-input\":{\"@type\":\"PropertyValueSpecification\",\"valueRequired\":true,\"valueName\":\"search_term_string\"}}],\"inLanguage\":\"de\"},{\"@type\":\"Organization\",\"@id\":\"https:\/\/ibizagranhotel.com\/de\/#organization\",\"name\":\"Ibiza Gran Hotel\",\"url\":\"https:\/\/ibizagranhotel.com\/de\/\",\"logo\":{\"@type\":\"ImageObject\",\"inLanguage\":\"de\",\"@id\":\"https:\/\/ibizagranhotel.com\/de\/#\/schema\/logo\/image\/\",\"url\":\"https:\/\/ibizagranhotel.com\/wp-content\/uploads\/2021\/06\/IGH-logotipo4-positivo.jpg\",\"contentUrl\":\"https:\/\/ibizagranhotel.com\/wp-content\/uploads\/2021\/06\/IGH-logotipo4-positivo.jpg\",\"width\":1773,\"height\":1186,\"caption\":\"Ibiza Gran Hotel\"},\"image\":{\"@id\":\"https:\/\/ibizagranhotel.com\/de\/#\/schema\/logo\/image\/\"},\"sameAs\":[\"https:\/\/www.facebook.com\/IBIZAGRANHOTEL\",\"https:\/\/www.instagram.com\/ibizagranhotel\/\",\"https:\/\/www.linkedin.com\/company\/ibiza-gran-hotel-\/\",\"https:\/\/www.youtube.com\/channel\/UCmZbjeAP0druf7Izh21SVfQ\"]}]}<\/script>\n<!-- \/ Yoast SEO plugin. -->","yoast_head_json":{"title":"Luxus-Hochzeiten auf Ibiza | Ibiza Gran Hotel","description":"Eine Traumhochzeit auf Ibiza dank der Exklusivit\u00e4t und der magischen Umgebung des au\u00dfergew\u00f6hnlichsten Hotels der Insel. Erleben Sie mit Ihrer Familie und Ihren Freunden ein unvergessliches Fest in einem einzigartigen Hotel.","robots":{"index":"index","follow":"follow","max-snippet":"max-snippet:-1","max-image-preview":"max-image-preview:large","max-video-preview":"max-video-preview:-1"},"canonical":"https:\/\/ibizagranhotel.com\/de\/veranstaltungen\/luxushochzeiten\/","og_locale":"de_DE","og_type":"article","og_title":"Luxus-Hochzeiten auf Ibiza | Ibiza Gran Hotel","og_description":"Eine Traumhochzeit auf Ibiza dank der Exklusivit\u00e4t und der magischen Umgebung des au\u00dfergew\u00f6hnlichsten Hotels der Insel. Erleben Sie mit Ihrer Familie und Ihren Freunden ein unvergessliches Fest in einem einzigartigen Hotel.","og_url":"https:\/\/ibizagranhotel.com\/de\/veranstaltungen\/luxushochzeiten\/","og_site_name":"Ibiza Gran Hotel","article_publisher":"https:\/\/www.facebook.com\/IBIZAGRANHOTEL","article_modified_time":"2024-07-11T14:22:43+00:00","twitter_card":"summary_large_image","schema":{"@context":"https:\/\/schema.org","@graph":[{"@type":"WebPage","@id":"https:\/\/ibizagranhotel.com\/de\/veranstaltungen\/luxushochzeiten\/","url":"https:\/\/ibizagranhotel.com\/de\/veranstaltungen\/luxushochzeiten\/","name":"Luxus-Hochzeiten auf Ibiza | Ibiza Gran Hotel","isPartOf":{"@id":"https:\/\/ibizagranhotel.com\/de\/#website"},"datePublished":"2021-03-20T11:52:45+00:00","dateModified":"2024-07-11T14:22:43+00:00","description":"Eine Traumhochzeit auf Ibiza dank der Exklusivit\u00e4t und der magischen Umgebung des au\u00dfergew\u00f6hnlichsten Hotels der Insel. Erleben Sie mit Ihrer Familie und Ihren Freunden ein unvergessliches Fest in einem einzigartigen Hotel.","breadcrumb":{"@id":"https:\/\/ibizagranhotel.com\/de\/veranstaltungen\/luxushochzeiten\/#breadcrumb"},"inLanguage":"de","potentialAction":[{"@type":"ReadAction","target":["https:\/\/ibizagranhotel.com\/de\/veranstaltungen\/luxushochzeiten\/"]}]},{"@type":"BreadcrumbList","@id":"https:\/\/ibizagranhotel.com\/de\/veranstaltungen\/luxushochzeiten\/#breadcrumb","itemListElement":[{"@type":"ListItem","position":1,"name":"Portada","item":"https:\/\/ibizagranhotel.com\/de\/"},{"@type":"ListItem","position":2,"name":"Veranstaltungen","item":"https:\/\/ibizagranhotel.com\/de\/veranstaltungen\/"},{"@type":"ListItem","position":3,"name":"Luxushochzeiten"}]},{"@type":"WebSite","@id":"https:\/\/ibizagranhotel.com\/de\/#website","url":"https:\/\/ibizagranhotel.com\/de\/","name":"Ibiza Gran Hotel","description":"5* GL","publisher":{"@id":"https:\/\/ibizagranhotel.com\/de\/#organization"},"potentialAction":[{"@type":"SearchAction","target":{"@type":"EntryPoint","urlTemplate":"https:\/\/ibizagranhotel.com\/de\/?s={search_term_string}"},"query-input":{"@type":"PropertyValueSpecification","valueRequired":true,"valueName":"search_term_string"}}],"inLanguage":"de"},{"@type":"Organization","@id":"https:\/\/ibizagranhotel.com\/de\/#organization","name":"Ibiza Gran Hotel","url":"https:\/\/ibizagranhotel.com\/de\/","logo":{"@type":"ImageObject","inLanguage":"de","@id":"https:\/\/ibizagranhotel.com\/de\/#\/schema\/logo\/image\/","url":"https:\/\/ibizagranhotel.com\/wp-content\/uploads\/2021\/06\/IGH-logotipo4-positivo.jpg","contentUrl":"https:\/\/ibizagranhotel.com\/wp-content\/uploads\/2021\/06\/IGH-logotipo4-positivo.jpg","width":1773,"height":1186,"caption":"Ibiza Gran Hotel"},"image":{"@id":"https:\/\/ibizagranhotel.com\/de\/#\/schema\/logo\/image\/"},"sameAs":["https:\/\/www.facebook.com\/IBIZAGRANHOTEL","https:\/\/www.instagram.com\/ibizagranhotel\/","https:\/\/www.linkedin.com\/company\/ibiza-gran-hotel-\/","https:\/\/www.youtube.com\/channel\/UCmZbjeAP0druf7Izh21SVfQ"]}]}},"_links":{"self":[{"href":"https:\/\/ibizagranhotel.com\/de\/wp-json\/wp\/v2\/pages\/4198","targetHints":{"allow":["GET"]}}],"collection":[{"href":"https:\/\/ibizagranhotel.com\/de\/wp-json\/wp\/v2\/pages"}],"about":[{"href":"https:\/\/ibizagranhotel.com\/de\/wp-json\/wp\/v2\/types\/page"}],"author":[{"embeddable":true,"href":"https:\/\/ibizagranhotel.com\/de\/wp-json\/wp\/v2\/users\/4"}],"replies":[{"embeddable":true,"href":"https:\/\/ibizagranhotel.com\/de\/wp-json\/wp\/v2\/comments?post=4198"}],"version-history":[{"count":2,"href":"https:\/\/ibizagranhotel.com\/de\/wp-json\/wp\/v2\/pages\/4198\/revisions"}],"predecessor-version":[{"id":16976,"href":"https:\/\/ibizagranhotel.com\/de\/wp-json\/wp\/v2\/pages\/4198\/revisions\/16976"}],"up":[{"embeddable":true,"href":"https:\/\/ibizagranhotel.com\/de\/wp-json\/wp\/v2\/pages\/4176"}],"wp:attachment":[{"href":"https:\/\/ibizagranhotel.com\/de\/wp-json\/wp\/v2\/media?parent=4198"}],"curies":[{"name":"wp","href":"https:\/\/api.w.org\/{rel}","templated":true}]}}